{"id":1096,"date":"2024-11-06T08:09:09","date_gmt":"2024-11-06T07:09:09","guid":{"rendered":"https:\/\/schori.association-st-camille.ch\/ueber-uns\/"},"modified":"2024-11-26T10:05:13","modified_gmt":"2024-11-26T09:05:13","slug":"ueber-uns","status":"publish","type":"page","link":"https:\/\/schori.association-st-camille.ch\/de\/ueber-uns\/","title":{"rendered":"\u00dcber uns"},"content":{"rendered":"<p>[et_pb_section fb_built=&#8220;1&#8243; _builder_version=&#8220;4.27.2&#8243; _module_preset=&#8220;default&#8220; global_colors_info=&#8220;{}&#8220;][et_pb_row column_structure=&#8220;1_2,1_2&#8243; _builder_version=&#8220;4.27.2&#8243; _module_preset=&#8220;default&#8220; global_colors_info=&#8220;{}&#8220;][et_pb_column type=&#8220;1_2&#8243; _builder_version=&#8220;4.27.2&#8243; _module_preset=&#8220;default&#8220; global_colors_info=&#8220;{}&#8220;][et_pb_image src=&#8220;https:\/\/schori.association-st-camille.ch\/wp-content\/uploads\/2024\/11\/schori_entreprise.webp&#8220; title_text=&#8220;schori_entreprise&#8220; _builder_version=&#8220;4.27.2&#8243; _module_preset=&#8220;default&#8220; border_radii=&#8220;on|12px|12px|12px|12px&#8220; global_colors_info=&#8220;{}&#8220;][\/et_pb_image][\/et_pb_column][et_pb_column type=&#8220;1_2&#8243; _builder_version=&#8220;4.27.2&#8243; _module_preset=&#8220;default&#8220; global_colors_info=&#8220;{}&#8220;][et_pb_text _builder_version=&#8220;4.27.2&#8243; _module_preset=&#8220;default&#8220; global_colors_info=&#8220;{}&#8220;]<\/p>\n<h2>Le Lorem Ipsum est simplement<\/h2>\n<p>Le Lorem Ipsum est simplement du faux texte employ\u00e9 dans la composition et la mise en page avant impression. Le Lorem Ipsum est le faux texte standard de l\u2019imprimerie depuis les ann\u00e9es 1500, quand un imprimeur anonyme assembla ensemble des morceaux de texte pour r\u00e9aliser un livre sp\u00e9cimen de polices de texte. Il n\u2019a pas fait que survivre cinq si\u00e8cles, mais s\u2019est aussi adapt\u00e9 \u00e0 la bureautique informatique, sans que son contenu n\u2019en soit modifi\u00e9. Il a \u00e9t\u00e9 popularis\u00e9 dans les ann\u00e9es 1960 gr\u00e2ce \u00e0 la vente de feuilles Letraset contenant des passages du Lorem Ipsum, et, plus r\u00e9cemment, par son inclusion dans des applications de mise en page de texte, comme Aldus PageMaker.<\/p>\n<p>[\/et_pb_text][\/et_pb_column][\/et_pb_row][\/et_pb_section]<\/p>\n","protected":false},"excerpt":{"rendered":"<p>Le Lorem Ipsum est simplement Le Lorem Ipsum est simplement du faux texte employ\u00e9 dans la composition et la mise en page avant impression. Le Lorem Ipsum est le faux texte standard de l\u2019imprimerie depuis les ann\u00e9es 1500, quand un imprimeur anonyme assembla ensemble des morceaux de texte pour r\u00e9aliser un livre sp\u00e9cimen de polices [&hellip;]<\/p>\n","protected":false},"author":1,"featured_media":0,"parent":0,"menu_order":0,"comment_status":"closed","ping_status":"closed","template":"","meta":{"_acf_changed":false,"_et_pb_use_builder":"on","_et_pb_old_content":"","_et_gb_content_width":"","inline_featured_image":false,"footnotes":""},"class_list":["post-1096","page","type-page","status-publish","hentry"],"acf":[],"_links":{"self":[{"href":"https:\/\/schori.association-st-camille.ch\/de\/wp-json\/wp\/v2\/pages\/1096","targetHints":{"allow":["GET"]}}],"collection":[{"href":"https:\/\/schori.association-st-camille.ch\/de\/wp-json\/wp\/v2\/pages"}],"about":[{"href":"https:\/\/schori.association-st-camille.ch\/de\/wp-json\/wp\/v2\/types\/page"}],"author":[{"embeddable":true,"href":"https:\/\/schori.association-st-camille.ch\/de\/wp-json\/wp\/v2\/users\/1"}],"replies":[{"embeddable":true,"href":"https:\/\/schori.association-st-camille.ch\/de\/wp-json\/wp\/v2\/comments?post=1096"}],"version-history":[{"count":2,"href":"https:\/\/schori.association-st-camille.ch\/de\/wp-json\/wp\/v2\/pages\/1096\/revisions"}],"predecessor-version":[{"id":1525,"href":"https:\/\/schori.association-st-camille.ch\/de\/wp-json\/wp\/v2\/pages\/1096\/revisions\/1525"}],"wp:attachment":[{"href":"https:\/\/schori.association-st-camille.ch\/de\/wp-json\/wp\/v2\/media?parent=1096"}],"curies":[{"name":"wp","href":"https:\/\/api.w.org\/{rel}","templated":true}]}}